{"id":8,"date":"2024-10-22T11:37:39","date_gmt":"2024-10-22T09:37:39","guid":{"rendered":"https:\/\/disktractionmusique.com\/?page_id=8"},"modified":"2026-01-11T19:43:27","modified_gmt":"2026-01-11T18:43:27","slug":"elementor-8","status":"publish","type":"page","link":"https:\/\/disktractionmusique.com\/","title":{"rendered":""},"content":{"rendered":"\n\n\n<h6><strong>2026 nous refaisons notre site.<\/strong><br>Vous allez retrouver des nouveaut\u00e9s et de nouveaux services a la demande.<br>Services de Mix mastering en ligne par notre \u00e9quipe<br>Service de DJ pour vos Shows, mariage ou tout autres \u00e9v\u00e8nements. (Qu\u00e9bec, Montr\u00e9al pour le moment)<br><\/h6>\n\n\n\n\n\n<p><strong>Qui sommes nous<\/strong><br>Cr\u00e9\u00e9 en novembre 2022, DiskTraction a su ce d\u00e9marquer dans le domaine musical rap \/ hip-hop en cr\u00e9ant la production et la distribution de plusieurs artistes du Canada et de la France.<br><br>Nous produisons et distribuons\u00a0des talents de la rel\u00e8ve musical que se soit Rap, Hiphop, Trap et m\u00eame du rap conscient et classique.<br><br>En 2025 nous avons lanc\u00e9 notre s\u00e9lection avec IN HELL groupe Hyper Metal de France et nous nous sommes affili\u00e9 avec <a href=\"index.php\/booking-concerts-metal-rock\/\">JsR Artistic Agency<\/a> pour la gestion de g\u00e9rance et \u00e9v\u00e8nementiel pour ce style musical.<br><br>Nous ne sommes pas ferm\u00e9 aux styles, c&#8217;est pourquoi notre nom est fait pour vous distraire.\u00a0<\/p>\n\n\n\n\n\n\n\n\n\n\n\n\n\n\n\n<iframe style=\"border-radius:12px\" src=\"https:\/\/open.spotify.com\/embed\/playlist\/0wgfr1eWthMKFfTPluRYfV?utm_source=generator\" width=\"100%\" height=\"352\" frameborder=\"0\" allowfullscreen=\"\" allow=\"autoplay; clipboard-write; encrypted-media; fullscreen; picture-in-picture\" loading=\"lazy\"><\/iframe>\n\n\n\n\n<iframe style=\"border-radius:12px\" src=\"https:\/\/open.spotify.com\/embed\/playlist\/50eBjUZRVezUWaXU6pQNWA?utm_source=generator\" width=\"100%\" height=\"352\" frameborder=\"0\" allowfullscreen=\"\" allow=\"autoplay; clipboard-write; encrypted-media; fullscreen; picture-in-picture\" loading=\"lazy\"><\/iframe>\n\n\n\n","protected":false},"excerpt":{"rendered":"","protected":false},"author":1,"featured_media":0,"parent":0,"menu_order":0,"comment_status":"closed","ping_status":"closed","template":"","meta":{"pagelayer_contact_templates":[],"_pagelayer_content":"","footnotes":""},"class_list":["post-8","page","type-page","status-publish","hentry"],"_links":{"self":[{"href":"https:\/\/disktractionmusique.com\/index.php\/wp-json\/wp\/v2\/pages\/8","targetHints":{"allow":["GET"]}}],"collection":[{"href":"https:\/\/disktractionmusique.com\/index.php\/wp-json\/wp\/v2\/pages"}],"about":[{"href":"https:\/\/disktractionmusique.com\/index.php\/wp-json\/wp\/v2\/types\/page"}],"author":[{"embeddable":true,"href":"https:\/\/disktractionmusique.com\/index.php\/wp-json\/wp\/v2\/users\/1"}],"replies":[{"embeddable":true,"href":"https:\/\/disktractionmusique.com\/index.php\/wp-json\/wp\/v2\/comments?post=8"}],"version-history":[{"count":77,"href":"https:\/\/disktractionmusique.com\/index.php\/wp-json\/wp\/v2\/pages\/8\/revisions"}],"predecessor-version":[{"id":442,"href":"https:\/\/disktractionmusique.com\/index.php\/wp-json\/wp\/v2\/pages\/8\/revisions\/442"}],"wp:attachment":[{"href":"https:\/\/disktractionmusique.com\/index.php\/wp-json\/wp\/v2\/media?parent=8"}],"curies":[{"name":"wp","href":"https:\/\/api.w.org\/{rel}","templated":true}]}}